{"id":3058,"date":"2018-04-01T13:41:32","date_gmt":"2018-04-01T10:41:32","guid":{"rendered":"https:\/\/demo9.secretlab.pw\/?page_id=3058"},"modified":"2023-11-16T14:23:45","modified_gmt":"2023-11-16T13:23:45","slug":"contacts","status":"publish","type":"page","link":"https:\/\/content-n-graphics.com\/de\/contacts\/","title":{"rendered":"Kontakt"},"content":{"rendered":"<p><section class=\"kc-elm kc-css-405543 kc_row\"><div class=\"befbgr\" data-ssc-svg=\"\" data-ssc-img-s=\"\" data-ssc-img-anim=\"\"><\/div><div class=\"befbgr\" data-ssc-svg=\"\" data-ssc-img-s=\"\" data-ssc-img-anim=\"\"><\/div><div class=\"aftbgr\" data-ssc-svg=\"\" data-ssc-img-s=\"\" data-ssc-img-anim=\"\"><\/div><div class=\"aftbgr\" data-ssc-svg=\"\" data-ssc-img-s=\"\" data-ssc-img-anim=\"\"><\/div><div class=\"befbgr5\" data-ssc-svg=\"\" data-ssc-img-s=\"\" data-ssc-img-anim=\"\"><\/div><div class=\"befbgr6\" data-ssc-svg=\"\" data-ssc-img-s=\"\" data-ssc-img-anim=\"\"><\/div><div class=\"aftbgr7\" data-ssc-svg=\"\" data-ssc-img-s=\"\" data-ssc-img-anim=\"\"><\/div><div class=\"aftbgr8\" data-ssc-svg=\"\" data-ssc-img-s=\"\" data-ssc-img-anim=\"\"><\/div><div class=\"kc-row-container  kc-container\"><div class=\"kc-wrap-columns\"><div class=\"kc-elm kc-css-168100 kc_col-sm-12 kc_column kc_col-sm-12\"><div class=\"kc-col-container\"><div  class=\"ssc_mltttl  kc-elm kc-css-734915\"><div class=\"wr deb derb dea dera none nonea\"><div class=\"t1\">EINFACH FRAGEN<\/div><span class=\"t2\">Kontaktieren<\/span><span class=\"t3\">Sie uns<\/span><\/div><\/div><div class=\"kc-elm kc-css-860821 kc_text_block\"><\/p>\n<p>&#8211; We prefer email communication &#8211;<\/p>\n<p>\n<\/div><div class=\"kc-elm kc-css-416991 kc_row kc_row_inner sst-flex-row-inner\"><div class=\"kc-elm kc-css-193828 kc_col-sm-3 kc_column_inner kc_col-sm-3\"><div class=\"kc_wrapper kc-col-inner-container\"><div  class=\"ssc_icon_box kc-elm kc-css-436517 template3\"><div class=\"icon_box\"><div class=\"bgr_no\" style=\"width:37px; height:37px;\"><div> <\/div><\/div><div class=\"c_icon\" style=\"margin-top: -37px; width: 37px; height: 37px;\"><i class=\"fa-home\" style=\" font-size: 30px;\"><\/i><\/div><\/div><div class=\"cont_box\"><div class=\"title\">Anschrift<\/div><div class=\"description lines0\"><\/p>\n<p>Oder 20, 2491DC, Den Haag, Niederlanden<\/p>\n<p><\/div><\/div><\/div><\/div><\/div><div class=\"kc-elm kc-css-926581 kc_col-sm-3 kc_column_inner kc_col-sm-3\"><div class=\"kc_wrapper kc-col-inner-container\"><\/div><\/div><div class=\"kc-elm kc-css-455778 kc_col-sm-3 kc_column_inner kc_col-sm-3\"><div class=\"kc_wrapper kc-col-inner-container\"><div  class=\"ssc_icon_box kc-elm kc-css-858316 template3\"><div class=\"icon_box\"><div class=\"bgr_no\" style=\"width:37px; height:37px;\"><div> <\/div><\/div><div class=\"c_icon\" style=\"margin-top: -37px; width: 37px; height: 37px;\"><i class=\"nat-bse-paper-plane\" style=\" font-size: 30px;\"><\/i><\/div><\/div><div class=\"cont_box\"><div class=\"title\">E-Mail<\/div><div class=\"description lines0\"><\/p>\n<p><a href = \"mailto: info@content-n-graphics.com\">info@content-n-graphics.com<\/a><\/p>\n<p><\/div><\/div><\/div><\/div><\/div><div class=\"kc-elm kc-css-279968 kc_col-sm-3 kc_column_inner kc_col-sm-3\"><div class=\"kc_wrapper kc-col-inner-container\"><div  class=\"ssc_icon_box kc-elm kc-css-759182 template3\"><div class=\"icon_box\"><div class=\"bgr_no\" style=\"width:37px; height:37px;\"><div> <\/div><\/div><div class=\"c_icon\" style=\"margin-top: -37px; width: 37px; height: 37px;\"><i class=\"fa-history\" style=\" font-size: 37px;\"><\/i><\/div><\/div><div class=\"cont_box\"><div class=\"title\">\u00d6ffnungszeiten<\/div><div class=\"description lines0\"><\/p>\n<p>Mo-Fr: 8 - 18 Uhr <br \/>Sa-So: 9 - 17 Uhr<\/p>\n<p><\/div><\/div><\/div><\/div><\/div><\/div><\/div><\/div><\/div><\/div><\/section><section class=\"kc-elm kc-css-577158 kc_row\"><div class=\"befbgr\" data-ssc-svg=\"\" data-ssc-img-s=\"\" data-ssc-img-anim=\"\"><\/div><div class=\"befbgr\" data-ssc-svg=\"\" data-ssc-img-s=\"\" data-ssc-img-anim=\"\"><\/div><div class=\"aftbgr\" data-ssc-svg=\"\" data-ssc-img-s=\"\" data-ssc-img-anim=\"\"><\/div><div class=\"aftbgr\" data-ssc-svg=\"\" data-ssc-img-s=\"\" data-ssc-img-anim=\"\"><\/div><div class=\"befbgr5\" data-ssc-svg=\"\" data-ssc-img-s=\"\" data-ssc-img-anim=\"\"><\/div><div class=\"befbgr6\" data-ssc-svg=\"\" data-ssc-img-s=\"\" data-ssc-img-anim=\"\"><\/div><div class=\"aftbgr7\" data-ssc-svg=\"\" data-ssc-img-s=\"\" data-ssc-img-anim=\"\"><\/div><div class=\"aftbgr8\" data-ssc-svg=\"\" data-ssc-img-s=\"\" data-ssc-img-anim=\"\"><\/div><div class=\"kc-row-container  kc-container\"><div class=\"kc-wrap-columns\"><div class=\"kc-elm kc-css-301615 kc_col-sm-6 kc_column kc_col-sm-6\"><div class=\"kc-col-container\"><div  class=\"ssc_mltttl  kc-elm kc-css-3515\"><div class=\"wr deb derb dea dera none nonea\"><div class=\"t1\">kontaktiere uns<\/div><span class=\"t2\">Senden Sie uns<\/span><span class=\"t3\">eine Nachricht<\/span><\/div><\/div><div class=\"kc-elm kc-css-700688 kc_text_block\"><\/p>\n<p>F\u00fcllen Sie das untenstehende Formular aus und wir werden uns so schnell wie m\u00f6glich mit Ihnen in Verbindung setzen! Wenn Sie m\u00f6chten, dass wir Sie zur\u00fcckrufen, hinterlassen Sie bitte eine bevorzugte Nummer, Datum und Uhrzeit.<\/p>\n<p>\n<\/div><div  class=\"ssc_caldf kc-elm kc-css-993964\"><div class=\"caldera-grid\" id=\"caldera_form_1\" data-cf-ver=\"1.9.3\" data-cf-form-id=\"CF5d602d63eaaef\"><div id=\"caldera_notices_1\" data-spinner=\"https:\/\/content-n-graphics.com\/wp-admin\/images\/spinner.gif\"><\/div><form data-instance=\"1\" class=\"CF5d602d63eaaef caldera_forms_form cfajax-trigger\" method=\"POST\" enctype=\"multipart\/form-data\" id=\"CF5d602d63eaaef_1\" data-form-id=\"CF5d602d63eaaef\" aria-label=\"5 Felder\" data-target=\"#caldera_notices_1\" data-template=\"#cfajax_CF5d602d63eaaef-tmpl\" data-cfajax=\"CF5d602d63eaaef\" data-load-element=\"_parent\" data-load-class=\"cf_processing\" data-post-disable=\"0\" data-action=\"cf_process_ajax_submit\" data-request=\"https:\/\/content-n-graphics.com\/de\/cf-api\/CF5d602d63eaaef\" data-hiderows=\"true\" action=\"\">\r\n<input type=\"hidden\" id=\"_cf_verify_CF5d602d63eaaef\" name=\"_cf_verify\" value=\"3583a9b9a8\"  data-nonce-time=\"1776960826\" \/><input type=\"hidden\" name=\"_wp_http_referer\" value=\"\/de\/wp-json\/wp\/v2\/pages\/3058\" \/><div id=\"cf2-CF5d602d63eaaef_1\"><\/div><input type=\"hidden\" name=\"_cf_frm_id\" value=\"CF5d602d63eaaef\">\r\n<input type=\"hidden\" name=\"_cf_frm_ct\" value=\"1\">\r\n<input type=\"hidden\" name=\"cfajax\" value=\"CF5d602d63eaaef\">\r\n<input type=\"hidden\" name=\"_cf_cr_pst\" value=\"3058\">\r\n<div class=\"hide\" style=\"display:none; overflow:hidden;height:0;width:0;\">\r\n<label>Name<\/label><input type=\"text\" name=\"name\" value=\"\" autocomplete=\"off\">\r\n<\/div><div id=\"CF5d602d63eaaef_1-row-1\"  class=\"row  first_row\"><div  class=\"col-sm-6  first_col\"><div data-field-wrapper=\"fld_1637343\" class=\"form-group\" id=\"fld_1637343_1-wrap\">\r\n\t<label id=\"fld_1637343Label\" for=\"fld_1637343_1\" class=\"control-label screen-reader-text sr-only\">Ihre Name<\/label>\r\n\t<div class=\"\">\r\n\t\t<input placeholder=\"Gib deinen Namen ein\"  required type=\"text\" data-field=\"fld_1637343\" class=\"form-control\" id=\"fld_1637343_1\" name=\"fld_1637343\" value=\"\" data-type=\"text\" aria-required=\"true\"   aria-labelledby=\"fld_1637343Label\" >\t\t\t<\/div>\r\n<\/div>\r\n<\/div><div  class=\"col-sm-6  last_col\"><div data-field-wrapper=\"fld_8510004\" class=\"form-group\" id=\"fld_8510004_1-wrap\">\r\n\t<label id=\"fld_8510004Label\" for=\"fld_8510004_1\" class=\"control-label screen-reader-text sr-only\">Telefon<\/label>\r\n\t<div class=\"\">\r\n\t\t<input placeholder=\"Telefon\"  required type=\"tel\" data-field=\"fld_8510004\" class=\"form-control\" id=\"fld_8510004_1\" name=\"fld_8510004\" value=\"\" data-type=\"phone_better\" aria-required=\"true\"   aria-labelledby=\"fld_8510004Label\" >\t\t\t<\/div>\r\n<\/div>\r\n<\/div><\/div><div id=\"CF5d602d63eaaef_1-row-2\"  class=\"row\"><div  class=\"col-sm-6  first_col\"><div data-field-wrapper=\"fld_862096\" class=\"form-group\" id=\"fld_862096_1-wrap\">\r\n\t<label id=\"fld_862096Label\" for=\"fld_862096_1\" class=\"control-label screen-reader-text sr-only\">E-mail<\/label>\r\n\t<div class=\"\">\r\n\t\t<input placeholder=\"E-mail\"  required type=\"email\" data-field=\"fld_862096\" class=\"form-control\" id=\"fld_862096_1\" name=\"fld_862096\" value=\"\" data-type=\"email\" aria-required=\"true\"   aria-labelledby=\"fld_862096Label\" >\t\t\t<\/div>\r\n<\/div>\r\n<\/div><div  class=\"col-sm-6  last_col\"><div data-field-wrapper=\"fld_7724974\" class=\"form-group\" id=\"fld_7724974_1-wrap\">\r\n\t<label id=\"fld_7724974Label\" for=\"fld_7724974_1\" class=\"control-label screen-reader-text sr-only\">Firma<\/label>\r\n\t<div class=\"\">\r\n\t\t<input placeholder=\"Firma\"  required type=\"text\" data-field=\"fld_7724974\" class=\"form-control\" id=\"fld_7724974_1\" name=\"fld_7724974\" value=\"\" data-type=\"text\" aria-required=\"true\"   aria-labelledby=\"fld_7724974Label\" >\t\t\t<\/div>\r\n<\/div>\r\n<\/div><\/div><div id=\"CF5d602d63eaaef_1-row-3\"  class=\"row\"><div  class=\"col-sm-12  single\"><div data-field-wrapper=\"fld_7382878\" class=\"form-group\" id=\"fld_7382878_1-wrap\">\r\n\t<label id=\"fld_7382878Label\" for=\"fld_7382878_1\" class=\"control-label screen-reader-text sr-only\">Bitte teilen Sie uns in wenigen Worten Ihr Anliegen mit<\/label>\r\n\t<div class=\"\">\r\n\t\t<textarea name=\"fld_7382878\" data-field=\"fld_7382878\" class=\"form-control\" id=\"fld_7382878_1\" rows=\"4\" placeholder=\"Ihre Nachricht\"  required=\"required\"  aria-labelledby=\"fld_7382878Label\" ><\/textarea>\n\t\t\t<\/div>\r\n<\/div>\r\n<\/div><\/div><div id=\"CF5d602d63eaaef_1-row-4\"  class=\"row  last_row\"><div  class=\"col-sm-12  single\"><div data-field-wrapper=\"fld_1739855\" class=\"form-group\" id=\"fld_1739855_1-wrap\">\r\n<div class=\"\">\r\n\t<input  class=\"btn btn-default\" type=\"submit\" name=\"fld_1739855\" id=\"fld_1739855_1\" value=\"Nachricht senden\" data-field=\"fld_1739855\"  >\n<\/div>\r\n<\/div>\r\n\t<input class=\"button_trigger_1\" type=\"hidden\" name=\"fld_1739855\" id=\"fld_1739855_1_btn\" value=\"\" data-field=\"fld_1739855\"  \/>\n<\/div><\/div><input type=\"hidden\" name=\"trp-form-language\" value=\"de\"\/><\/form>\r\n<\/div>\r\n<\/div><\/div><\/div><div class=\"kc-elm kc-css-477191 kc_col-sm-6 kc_column kc_col-sm-6\"><div class=\"kc-col-container\"><div class=\"kc-elm kc-css-391476 kc_google_maps kc_shortcode\"><div style=\"height: 450px\" class=\"kc-google-maps\"><iframe class=\"lazyload\"  loading=\"lazy\" data-src=\"https:\/\/www.google.com\/maps\/embed?pb=!1m18!1m12!1m3!1d6304.829986131271!2d-122.4746968033092!3d37.80374752160443!2m3!1f0!2f0!3f0!3m2!1i1024!2i768!4f13.1!3m3!1m2!1s0x808586e6302615a1%3A0x86bd130251757c00!2sStorey+Ave%2C+San+Francisco%2C+CA+94129!5e0!3m2!1sen!2sus!4v1435826432051\" width=\"100%\" height=\"450\" frameborder=\"0\" style=\"border:0\" allowfullscreen><\/iframe><\/div><\/div><\/div><\/div><\/div><\/div><\/section><section class=\"kc-elm kc-css-965876 kc_row\"><div class=\"befbgr\" data-ssc-svg=\"\" data-ssc-img-s=\"\" data-ssc-img-anim=\"\"><\/div><div class=\"befbgr\" data-ssc-svg=\"\" data-ssc-img-s=\"\" data-ssc-img-anim=\"\"><\/div><div class=\"aftbgr\" data-ssc-svg=\"\" data-ssc-img-s=\"\" data-ssc-img-anim=\"\"><\/div><div class=\"aftbgr\" data-ssc-svg=\"\" data-ssc-img-s=\"\" data-ssc-img-anim=\"\"><\/div><div class=\"befbgr5\" data-ssc-svg=\"\" data-ssc-img-s=\"\" data-ssc-img-anim=\"\"><\/div><div class=\"befbgr6\" data-ssc-svg=\"\" data-ssc-img-s=\"\" data-ssc-img-anim=\"\"><\/div><div class=\"aftbgr7\" data-ssc-svg=\"\" data-ssc-img-s=\"\" data-ssc-img-anim=\"\"><\/div><div class=\"aftbgr8\" data-ssc-svg=\"\" data-ssc-img-s=\"\" data-ssc-img-anim=\"\"><\/div><div class=\"kc-row-container  kc-container\"><div class=\"kc-wrap-columns\"><div class=\"kc-elm kc-css-214121 kc_col-sm-12 kc_column kc_col-sm-12\"><div class=\"kc-col-container\"><div class=\"kc-elm kc-css-662270 kc_text_block\"><\/p>\n<p>Publishing a book? We design a great book cover,\u00a0 Social Media exposure and more!<\/p>\n<p>\n<\/div><\/div><\/div><\/div><\/div><\/section><section class=\"kc-elm kc-css-404014 kc_row\"><div class=\"befbgr\" data-ssc-svg=\"\" data-ssc-img-s=\"\" data-ssc-img-anim=\"\"><\/div><div class=\"befbgr\" data-ssc-svg=\"\" data-ssc-img-s=\"\" data-ssc-img-anim=\"\"><\/div><div class=\"aftbgr\" data-ssc-svg=\"\" data-ssc-img-s=\"\" data-ssc-img-anim=\"\"><\/div><div class=\"aftbgr\" data-ssc-svg=\"\" data-ssc-img-s=\"\" data-ssc-img-anim=\"\"><\/div><div class=\"befbgr5\" data-ssc-svg=\"\" data-ssc-img-s=\"\" data-ssc-img-anim=\"\"><\/div><div class=\"befbgr6\" data-ssc-svg=\"\" data-ssc-img-s=\"\" data-ssc-img-anim=\"\"><\/div><div class=\"aftbgr7\" data-ssc-svg=\"\" data-ssc-img-s=\"\" data-ssc-img-anim=\"\"><\/div><div class=\"aftbgr8\" data-ssc-svg=\"\" data-ssc-img-s=\"\" data-ssc-img-anim=\"\"><\/div><div class=\"kc-row-container  kc-container\"><div class=\"kc-wrap-columns\"><div class=\"kc-elm kc-css-714490 kc_col-sm-12 kc_column kc_col-sm-12\"><div class=\"kc-col-container\"><div class=\"kc-elm kc-css-836873 kc_shortcode kc_single_image\">\n\n        <img    decoding=\"async\" data-src=\"https:\/\/i0.wp.com\/content-n-graphics.com\/wp-content\/uploads\/2022\/12\/www.content-n-graphics-Template-desiging-883.webp?fit=1280%2C612&ssl=1\" class=\"lazyload\" alt=\"\" \/>    <\/div>\n<\/div><\/div><\/div><\/div><\/section><section class=\"kc-elm kc-css-42713 kc_row\"><div class=\"befbgr\" data-ssc-svg=\"\" data-ssc-img-s=\"\" data-ssc-img-anim=\"\"><\/div><div class=\"befbgr\" data-ssc-svg=\"\" data-ssc-img-s=\"\" data-ssc-img-anim=\"\"><\/div><div class=\"aftbgr\" data-ssc-svg=\"\" data-ssc-img-s=\"\" data-ssc-img-anim=\"\"><\/div><div class=\"aftbgr\" data-ssc-svg=\"\" data-ssc-img-s=\"\" data-ssc-img-anim=\"\"><\/div><div class=\"befbgr5\" data-ssc-svg=\"\" data-ssc-img-s=\"\" data-ssc-img-anim=\"\"><\/div><div class=\"befbgr6\" data-ssc-svg=\"\" data-ssc-img-s=\"\" data-ssc-img-anim=\"\"><\/div><div class=\"aftbgr7\" data-ssc-svg=\"\" data-ssc-img-s=\"\" data-ssc-img-anim=\"\"><\/div><div class=\"aftbgr8\" data-ssc-svg=\"\" data-ssc-img-s=\"\" data-ssc-img-anim=\"\"><\/div><div class=\"kc-row-container  kc-container\"><div class=\"kc-wrap-columns\"><div class=\"kc-elm kc-css-747299 kc_col-sm-12 kc_column kc_col-sm-12\"><div class=\"kc-col-container\"><div class=\"kc-elm kc-css-661164\" style=\"height: 20px; clear: both; width:100%;\"><\/div><\/div><\/div><\/div><\/div><\/section><\/p>","protected":false},"excerpt":{"rendered":"","protected":false},"author":2,"featured_media":0,"parent":0,"menu_order":0,"comment_status":"closed","ping_status":"closed","template":"","meta":{"nf_dc_page":"","footnotes":""},"class_list":["post-3058","page","type-page","status-publish","hentry"],"jetpack_sharing_enabled":true,"_links":{"self":[{"href":"https:\/\/content-n-graphics.com\/de\/wp-json\/wp\/v2\/pages\/3058","targetHints":{"allow":["GET"]}}],"collection":[{"href":"https:\/\/content-n-graphics.com\/de\/wp-json\/wp\/v2\/pages"}],"about":[{"href":"https:\/\/content-n-graphics.com\/de\/wp-json\/wp\/v2\/types\/page"}],"author":[{"embeddable":true,"href":"https:\/\/content-n-graphics.com\/de\/wp-json\/wp\/v2\/users\/2"}],"replies":[{"embeddable":true,"href":"https:\/\/content-n-graphics.com\/de\/wp-json\/wp\/v2\/comments?post=3058"}],"version-history":[{"count":17,"href":"https:\/\/content-n-graphics.com\/de\/wp-json\/wp\/v2\/pages\/3058\/revisions"}],"predecessor-version":[{"id":8597,"href":"https:\/\/content-n-graphics.com\/de\/wp-json\/wp\/v2\/pages\/3058\/revisions\/8597"}],"wp:attachment":[{"href":"https:\/\/content-n-graphics.com\/de\/wp-json\/wp\/v2\/media?parent=3058"}],"curies":[{"name":"wp","href":"https:\/\/api.w.org\/{rel}","templated":true}]}}