{"id":2603,"date":"2018-03-20T08:02:13","date_gmt":"2018-03-20T08:02:13","guid":{"rendered":"https:\/\/demo9.secretlab.pw\/?page_id=2603"},"modified":"2022-12-26T11:58:36","modified_gmt":"2022-12-26T11:58:36","slug":"homepage-3","status":"publish","type":"page","link":"https:\/\/content-n-graphics.com\/de\/","title":{"rendered":"Home"},"content":{"rendered":"<p><section class=\"kc-elm kc-css-255713 kc_row\"><div class=\"befbgr\" data-ssc-svg=\"\" data-ssc-img-s=\"\" data-ssc-img-anim=\"\"><\/div><div class=\"befbgr\" data-ssc-svg=\"\" data-ssc-img-s=\"\" data-ssc-img-anim=\"\"><\/div><div class=\"aftbgr\" data-ssc-svg=\"\" data-ssc-img-s=\"\" data-ssc-img-anim=\"\"><\/div><div class=\"aftbgr\" data-ssc-svg=\"\" data-ssc-img-s=\"\" data-ssc-img-anim=\"\"><\/div><div class=\"befbgr5\" data-ssc-svg=\"\" data-ssc-img-s=\"\" data-ssc-img-anim=\"\"><\/div><div class=\"befbgr6\" data-ssc-svg=\"\" data-ssc-img-s=\"\" data-ssc-img-anim=\"\"><\/div><div class=\"aftbgr7\" data-ssc-svg=\"\" data-ssc-img-s=\"\" data-ssc-img-anim=\"\"><\/div><div class=\"aftbgr8\" data-ssc-svg=\"\" data-ssc-img-s=\"\" data-ssc-img-anim=\"\"><\/div><div class=\"kc-row-container\"><div class=\"kc-wrap-columns\"><div class=\"kc-elm kc-css-328043 kc_col-sm-4 kc_column kc_col-sm-4\"><div class=\"kc-col-container\"><div  class=\"ssc_icon_box kc-elm kc-css-295764 template19 iconBox1\"><div class=\"cont_box\"><div class=\"title\">CONTENT MANAGEMENT<\/div><div class=\"description lines0\"><\/p>\n<p>Content Management ist in der heutigen digitalen Marketinglandschaft unausweichlich. Marken (Brands) haben erkannt, dass sie ein dauerhafter hochwertiger und informativer Inhalt produzieren m\u00fcssen, um bestehende Kunden zu informieren und neue Zielgruppen zu gewinnen.<\/p>\n<p><\/div><\/div><div class=\"icon_box\"><div class=\"bgr_no\" style=\"width:px; height:px;\"><div> <\/div><\/div><div class=\"c_text\" style=\" height: px; margin-top: -px; font-size: px; \">Content<\/div><\/div><\/div><\/div><\/div><div class=\"kc-elm kc-css-173859 kc_col-sm-4 kc_column kc_col-sm-4\"><div class=\"kc-col-container\"><div  class=\"ssc_icon_box kc-elm kc-css-304705 template19 iconBox2\"><div class=\"cont_box\"><div class=\"title\">SOZIALEN MEDIEN ANNONCE<\/div><div class=\"description lines0\"><\/p>\n<p>SMA funktioniert, weil es einfach zu verstehen und einfach auszuf\u00fchren ist. Unser Ziel ist es, bestehenden und Neukunden mit einer erfrischenden Erscheinung von Annonce angenehm zu \u00fcberraschen. Unser SMA-Konzept hebt sich von der Masse ab und bleibt den Menschen im Ged\u00e4chtnis, die es sehen.<\/p>\n<p><\/div><\/div><div class=\"icon_box\"><div class=\"bgr_no\" style=\"width:px; height:px;\"><div> <\/div><\/div><div class=\"c_text\" style=\" height: px; margin-top: -px; font-size: px; \">Socials<\/div><\/div><\/div><\/div><\/div><div class=\"kc-elm kc-css-228546 kc_col-sm-4 kc_column kc_col-sm-4\"><div class=\"kc-col-container\"><div  class=\"ssc_icon_box kc-elm kc-css-855311 template19\"><div class=\"cont_box\"><div class=\"title\">GRAFISCHE FORMGEBUNG- UND VIDEODESIGNS<\/div><div class=\"description lines0\"><\/p>\n<p>Online-Nutzern m\u00f6chten Heute tage schnell und klar wissen, was eine Annonce zu sagen hat. Ein kurzes 30 bis 90 Sekunden dauernde Produkt Video vermittelt ein pers\u00f6nliches Erlebnis, mit dem der Betrachter Ihr Produkt mit seiner Kundschaft identifizieren kann. Werbevideos regen die Fantasie an! Denk mal an einer Coca-Cola oder NIKE-Werbung!<\/p>\n<p><\/div><\/div><div class=\"icon_box\"><div class=\"bgr_no\" style=\"width:px; height:px;\"><div> <\/div><\/div><div class=\"c_text\" style=\" height: px; margin-top: -px; font-size: px; \">Graphics<\/div><\/div><\/div><\/div><\/div><\/div><\/div><\/section><section class=\"kc-elm kc-css-290164 kc_row\"><div class=\"befbgr\" data-ssc-svg=\"\" data-ssc-img-s=\"\" data-ssc-img-anim=\"\"><\/div><div class=\"befbgr\" data-ssc-svg=\"\" data-ssc-img-s=\"\" data-ssc-img-anim=\"\"><\/div><div class=\"aftbgr\" data-ssc-svg=\"\" data-ssc-img-s=\"\" data-ssc-img-anim=\"\"><\/div><div class=\"aftbgr\" data-ssc-svg=\"\" data-ssc-img-s=\"\" data-ssc-img-anim=\"\"><\/div><div class=\"befbgr5\" data-ssc-svg=\"\" data-ssc-img-s=\"\" data-ssc-img-anim=\"\"><\/div><div class=\"befbgr6\" data-ssc-svg=\"\" data-ssc-img-s=\"\" data-ssc-img-anim=\"\"><\/div><div class=\"aftbgr7\" data-ssc-svg=\"\" data-ssc-img-s=\"\" data-ssc-img-anim=\"\"><\/div><div class=\"aftbgr8\" data-ssc-svg=\"\" data-ssc-img-s=\"\" data-ssc-img-anim=\"\"><\/div><div class=\"kc-row-container  kc-container\"><div class=\"kc-wrap-columns\"><div class=\"kc-elm kc-css-191973 kc_col-sm-12 kc_column kc_col-sm-12\"><div class=\"kc-col-container\"><div  class=\"ssc_mltttl  kc-elm kc-css-561754\"><div class=\"wr deb derb dea dera none nonea\"><div class=\"t1\">Unser Portfolio<\/div><span class=\"t2\">Unsere <\/span><span class=\"t3\">Kunden<\/span><\/div><\/div><div class=\"kc-elm kc-css-405440 kc_text_block\"><\/p>\n<p>Sie fragen sich, ob Social Marketing Management zu Ihnen passt? Sehen Sie sich an mit wem wir schon zusammenarbeiten und welche Nischenbranchen wir regelm\u00e4\u00dfig bedienen. Versuchen Sie es einfach!<\/p>\n<p>\n<\/div><\/div><\/div><\/div><\/div><\/section><section class=\"kc-elm kc-css-356700 kc_row\"><div class=\"befbgr\" data-ssc-svg=\"\" data-ssc-img-s=\"full\" data-ssc-img-anim=\"\"><\/div><div class=\"befbgr\" data-ssc-svg=\"\" data-ssc-img-s=\"full\" data-ssc-img-anim=\"\"><\/div><div class=\"aftbgr\" data-ssc-svg=\"\" data-ssc-img-s=\"full\" data-ssc-img-anim=\"\"><\/div><div class=\"aftbgr\" data-ssc-svg=\"\" data-ssc-img-s=\"full\" data-ssc-img-anim=\"\"><\/div><div class=\"befbgr5\" data-ssc-svg=\"\" data-ssc-img-s=\"full\" data-ssc-img-anim=\"\"><\/div><div class=\"befbgr6\" data-ssc-svg=\"\" data-ssc-img-s=\"full\" data-ssc-img-anim=\"\"><\/div><div class=\"aftbgr7\" data-ssc-svg=\"\" data-ssc-img-s=\"full\" data-ssc-img-anim=\"\"><\/div><div class=\"aftbgr8\" data-ssc-svg=\"\" data-ssc-img-s=\"full\" data-ssc-img-anim=\"\"><\/div><div class=\"kc-row-container\"><div class=\"kc-wrap-columns\"><div class=\"kc-elm kc-css-440597 kc_col-sm-4 kc_column kc_col-sm-4\"><div class=\"kc-col-container\"><div  class=\"type8 mo  none kc-elm kc-css-491862 ssc_img_ef\" ><div class=\"iw\"><img    decoding=\"async\" data-src=\"https:\/\/i0.wp.com\/content-n-graphics.com\/wp-content\/uploads\/2022\/12\/www.content-n-graphics-NIKE.webp?fit=2000%2C2200&ssl=1\" alt=\"\" class=\"none lazyload\"><\/div><\/div><\/div><\/div><div class=\"kc-elm kc-css-414188 kc_col-sm-4 kc_column kc_col-sm-4\"><div class=\"kc-col-container\"><div  class=\"type8 mo  none kc-elm kc-css-670059 ssc_img_ef\" ><div class=\"iw\"><img    decoding=\"async\" data-src=\"https:\/\/i0.wp.com\/content-n-graphics.com\/wp-content\/uploads\/2022\/12\/www.content-n-graphics-AUDI-Ad.webp?fit=2000%2C2200&ssl=1\" alt=\"\" class=\"none lazyload\"><\/div><\/div><\/div><\/div><div class=\"kc-elm kc-css-938808 kc_col-sm-4 kc_column kc_col-sm-4\"><div class=\"kc-col-container\"><div  class=\"type8 mo  none kc-elm kc-css-698599 ssc_img_ef\" ><div class=\"iw\"><img    decoding=\"async\" data-src=\"https:\/\/i0.wp.com\/content-n-graphics.com\/wp-content\/uploads\/2022\/12\/www.content-n-graphics-NIKE-Sport-Shoes.webp?fit=2000%2C2200&ssl=1\" alt=\"\" class=\"none lazyload\"><\/div><\/div><\/div><\/div><\/div><\/div><\/section><section class=\"kc-elm kc-css-29369 kc_row\"><div class=\"befbgr\" data-ssc-svg=\"\" data-ssc-img-s=\"\" data-ssc-img-anim=\"\"><\/div><div class=\"befbgr\" data-ssc-svg=\"\" data-ssc-img-s=\"\" data-ssc-img-anim=\"\"><\/div><div class=\"aftbgr\" data-ssc-svg=\"\" data-ssc-img-s=\"\" data-ssc-img-anim=\"\"><\/div><div class=\"aftbgr\" data-ssc-svg=\"\" data-ssc-img-s=\"\" data-ssc-img-anim=\"\"><\/div><div class=\"befbgr5\" data-ssc-svg=\"\" data-ssc-img-s=\"\" data-ssc-img-anim=\"\"><\/div><div class=\"befbgr6\" data-ssc-svg=\"\" data-ssc-img-s=\"\" data-ssc-img-anim=\"\"><\/div><div class=\"aftbgr7\" data-ssc-svg=\"\" data-ssc-img-s=\"\" data-ssc-img-anim=\"\"><\/div><div class=\"aftbgr8\" data-ssc-svg=\"\" data-ssc-img-s=\"\" data-ssc-img-anim=\"\"><\/div><div class=\"kc-row-container\"><div class=\"kc-wrap-columns\"><div class=\"kc-elm kc-css-516976 kc_col-sm-12 kc_column kc_col-sm-12\"><div class=\"kc-col-container\"><div  class=\"ssc_btn kc-elm kc-css-530071\"><a class=\"ssc_button none\" href=\"https:\/\/content-n-graphics.com\/de\/portfolio\/portfolio-work-2\/\" target=\"_self\" title=\"\u00dcber CnG\"><span>\u00dcber GnC<\/span><\/a><\/div><\/div><\/div><\/div><\/div><\/section><section data-kc-equalheight=\"true\" data-kc-equalheight-align=\"middle\" class=\"kc-elm kc-css-594643 kc_row\"><div class=\"befbgr\" data-ssc-svg=\"\" data-ssc-img-s=\"full\" data-ssc-img-anim=\"\"><\/div><div class=\"befbgr\" data-ssc-svg=\"\" data-ssc-img-s=\"full\" data-ssc-img-anim=\"\"><\/div><div class=\"aftbgr\" data-ssc-svg=\"\" data-ssc-img-s=\"full\" data-ssc-img-anim=\"\"><\/div><div class=\"aftbgr\" data-ssc-svg=\"\" data-ssc-img-s=\"full\" data-ssc-img-anim=\"\"><\/div><div class=\"befbgr5\" data-ssc-svg=\"\" data-ssc-img-s=\"full\" data-ssc-img-anim=\"\"><\/div><div class=\"befbgr6\" data-ssc-svg=\"\" data-ssc-img-s=\"full\" data-ssc-img-anim=\"\"><\/div><div class=\"aftbgr7\" data-ssc-svg=\"\" data-ssc-img-s=\"full\" data-ssc-img-anim=\"\"><\/div><div class=\"aftbgr8\" data-ssc-svg=\"\" data-ssc-img-s=\"full\" data-ssc-img-anim=\"\"><\/div><div class=\"kc-row-container  kc-container\"><div class=\"kc-wrap-columns\"><div class=\"kc-elm kc-css-517055 kc_col-sm-12 kc_column kc_col-sm-12\"><div class=\"kc-col-container\"><div  class=\"ssc_caldf kc-elm kc-css-671029\"><div class=\"caldera-grid\" id=\"caldera_form_1\" data-cf-ver=\"1.9.3\" data-cf-form-id=\"CF5d600b10e4c75\"><div id=\"caldera_notices_1\" data-spinner=\"https:\/\/content-n-graphics.com\/wp-admin\/images\/spinner.gif\"><\/div><form data-instance=\"1\" class=\"CF5d600b10e4c75 caldera_forms_form cfajax-trigger\" method=\"POST\" enctype=\"multipart\/form-data\" id=\"CF5d600b10e4c75_1\" data-form-id=\"CF5d600b10e4c75\" aria-label=\"4 Felder\" data-target=\"#caldera_notices_1\" data-template=\"#cfajax_CF5d600b10e4c75-tmpl\" data-cfajax=\"CF5d600b10e4c75\" data-load-element=\"_parent\" data-load-class=\"cf_processing\" data-post-disable=\"0\" data-action=\"cf_process_ajax_submit\" data-request=\"https:\/\/content-n-graphics.com\/de\/cf-api\/CF5d600b10e4c75\" data-hiderows=\"true\" action=\"\">\r\n<input type=\"hidden\" id=\"_cf_verify_CF5d600b10e4c75\" name=\"_cf_verify\" value=\"6e170fd970\"  data-nonce-time=\"1776956673\" \/><input type=\"hidden\" name=\"_wp_http_referer\" value=\"\/de\/wp-json\/wp\/v2\/pages\/2603\" \/><div id=\"cf2-CF5d600b10e4c75_1\"><\/div><input type=\"hidden\" name=\"_cf_frm_id\" value=\"CF5d600b10e4c75\">\r\n<input type=\"hidden\" name=\"_cf_frm_ct\" value=\"1\">\r\n<input type=\"hidden\" name=\"cfajax\" value=\"CF5d600b10e4c75\">\r\n<input type=\"hidden\" name=\"_cf_cr_pst\" value=\"2603\">\r\n<div class=\"hide\" style=\"display:none; overflow:hidden;height:0;width:0;\">\r\n<label>E-Mail-Adresse<\/label><input type=\"text\" name=\"email\" value=\"\" autocomplete=\"off\">\r\n<\/div><div id=\"CF5d600b10e4c75_1-row-1\"  class=\"row  first_row\"><div  class=\"col-sm-4  first_col\"><div data-field-wrapper=\"fld_1637343\" class=\"form-group\" id=\"fld_1637343_1-wrap\">\r\n\t<label id=\"fld_1637343Label\" for=\"fld_1637343_1\" class=\"control-label screen-reader-text sr-only\">Ihre Name<\/label>\r\n\t<div class=\"\">\r\n\t\t<input placeholder=\"Ihre Name\"  required type=\"text\" data-field=\"fld_1637343\" class=\"form-control\" id=\"fld_1637343_1\" name=\"fld_1637343\" value=\"\" data-type=\"text\" aria-required=\"true\"   aria-labelledby=\"fld_1637343Label\" >\t\t\t<\/div>\r\n<\/div>\r\n<\/div><div  class=\"col-sm-4\"><div data-field-wrapper=\"fld_8510004\" class=\"form-group\" id=\"fld_8510004_1-wrap\">\r\n\t<label id=\"fld_8510004Label\" for=\"fld_8510004_1\" class=\"control-label screen-reader-text sr-only\">Telefon<\/label>\r\n\t<div class=\"\">\r\n\t\t<input placeholder=\"Telefon\"  required type=\"tel\" data-field=\"fld_8510004\" class=\"form-control\" id=\"fld_8510004_1\" name=\"fld_8510004\" value=\"\" data-type=\"phone_better\" aria-required=\"true\"   aria-labelledby=\"fld_8510004Label\" >\t\t\t<\/div>\r\n<\/div>\r\n<\/div><div  class=\"col-sm-4  last_col\"><div data-field-wrapper=\"fld_862096\" class=\"form-group\" id=\"fld_862096_1-wrap\">\r\n\t<label id=\"fld_862096Label\" for=\"fld_862096_1\" class=\"control-label screen-reader-text sr-only\">E-mail<\/label>\r\n\t<div class=\"\">\r\n\t\t<input placeholder=\"E-mail\"  required type=\"email\" data-field=\"fld_862096\" class=\"form-control\" id=\"fld_862096_1\" name=\"fld_862096\" value=\"\" data-type=\"email\" aria-required=\"true\"   aria-labelledby=\"fld_862096Label\" >\t\t\t<\/div>\r\n<\/div>\r\n<\/div><\/div><div id=\"CF5d600b10e4c75_1-row-2\"  class=\"row\"><div  class=\"col-sm-12  single\"><div data-field-wrapper=\"fld_7382878\" class=\"form-group\" id=\"fld_7382878_1-wrap\">\r\n\t<label id=\"fld_7382878Label\" for=\"fld_7382878_1\" class=\"control-label screen-reader-text sr-only\">Ihre Nachricht<\/label>\r\n\t<div class=\"\">\r\n\t\t<textarea name=\"fld_7382878\" data-field=\"fld_7382878\" class=\"form-control\" id=\"fld_7382878_1\" rows=\"4\" placeholder=\"Ihre Nachricht\"  required=\"required\"  aria-labelledby=\"fld_7382878Label\" ><\/textarea>\n\t\t\t<\/div>\r\n<\/div>\r\n<\/div><\/div><div id=\"CF5d600b10e4c75_1-row-3\"  class=\"row  last_row\"><div  class=\"col-sm-12  single\"><div data-field-wrapper=\"fld_1739855\" class=\"form-group\" id=\"fld_1739855_1-wrap\">\r\n<div class=\"\">\r\n\t<input  class=\"btn btn-default\" type=\"submit\" name=\"fld_1739855\" id=\"fld_1739855_1\" value=\"Nachricht senden\" data-field=\"fld_1739855\"  >\n<\/div>\r\n<\/div>\r\n\t<input class=\"button_trigger_1\" type=\"hidden\" name=\"fld_1739855\" id=\"fld_1739855_1_btn\" value=\"\" data-field=\"fld_1739855\"  \/>\n<\/div><\/div><input type=\"hidden\" name=\"trp-form-language\" value=\"de\"\/><\/form>\r\n<\/div>\r\n<\/div><\/div><\/div><\/div><\/div><\/section><section class=\"kc-elm kc-css-373334 kc_row\"><div class=\"befbgr\" data-ssc-svg=\"\" data-ssc-img-s=\"\" data-ssc-img-anim=\"\"><\/div><div class=\"befbgr\" data-ssc-svg=\"\" data-ssc-img-s=\"\" data-ssc-img-anim=\"\"><\/div><div class=\"aftbgr\" data-ssc-svg=\"\" data-ssc-img-s=\"\" data-ssc-img-anim=\"\"><\/div><div class=\"aftbgr\" data-ssc-svg=\"\" data-ssc-img-s=\"\" data-ssc-img-anim=\"\"><\/div><div class=\"befbgr5\" data-ssc-svg=\"\" data-ssc-img-s=\"\" data-ssc-img-anim=\"\"><\/div><div class=\"befbgr6\" data-ssc-svg=\"\" data-ssc-img-s=\"\" data-ssc-img-anim=\"\"><\/div><div class=\"aftbgr7\" data-ssc-svg=\"\" data-ssc-img-s=\"\" data-ssc-img-anim=\"\"><\/div><div class=\"aftbgr8\" data-ssc-svg=\"\" data-ssc-img-s=\"\" data-ssc-img-anim=\"\"><\/div><div class=\"kc-row-container\"><div class=\"kc-wrap-columns\"><div class=\"kc-elm kc-css-445152 kc_col-sm-5 kc_column kc_col-sm-5\"><div class=\"kc-col-container\"><div  class=\"ssc_mltttl  kc-elm kc-css-791926\"><div class=\"wr deb derb dea dera none nonea\"><div class=\"t1\">testimonials<\/div><span class=\"t2\">What<\/span><span class=\"t3\">clients say<\/span><\/div><\/div><div class=\"kc-elm kc-css-793553 kc_text_block\"><\/p>\n<p>Addys is a professional internet marketing agency which provides SEO, SMM, PPC, design services and much more to different-niche businesses all over the world.<\/p>\n<p>\n<\/div><\/div><\/div><div class=\"kc-elm kc-css-453707 kc_col-sm-7 kc_column kc_col-sm-7\"><div class=\"kc-col-container\"><div class=\"kc-elm kc-css-533016 kc_row kc_row_inner sst-flex-row-inner\"><div class=\"kc-elm kc-css-358150 kc_col-sm-4 kc_column_inner kc_col-sm-4\"><div class=\"kc_wrapper kc-col-inner-container\"><div class=\"ssc_testi type2 mo none  kc-elm kc-css-776785\" ><div class=\"desc\">Lorem ipsum dolor sit amet, consectetur adipisicing elit, sed do eiusmod tempor inidunt ut labore et dolore magna aliqua. Ut enim ad minim veniam<\/div><figure><img class=\"lazyload\"    decoding=\"async\" data-src=\"\" alt=\"Tim Brown Aora company\" style=\"-webkit-filter: grayscale(0);filter: grayscale(0);\"><\/figure><h5 class=\"title\">Tim Brown<\/h5><div class=\"position\">Aora company<\/div><\/div><\/div><\/div><div class=\"kc-elm kc-css-52638 kc_col-sm-4 kc_column_inner kc_col-sm-4\"><div class=\"kc_wrapper kc-col-inner-container\"><div class=\"ssc_testi type2 mo none  kc-elm kc-css-892086\" ><div class=\"desc\">Lorem ipsum dolor sit amet, consectetur adipisicing elit, sed do eiusmod tempor inidunt ut labore et dolore magna aliqua. Ut enim ad minim veniam<\/div><figure><img class=\"lazyload\"    decoding=\"async\" data-src=\"\" alt=\"Deborah Crimson Aora company\" style=\"-webkit-filter: grayscale(0);filter: grayscale(0);\"><\/figure><h5 class=\"title\">Deborah Crimson<\/h5><div class=\"position\">Aora company<\/div><\/div><\/div><\/div><div class=\"kc-elm kc-css-864391 kc_col-sm-4 kc_column_inner kc_col-sm-4\"><div class=\"kc_wrapper kc-col-inner-container\"><div class=\"ssc_testi type2 mo none  kc-elm kc-css-959206\" ><div class=\"desc\">Lorem ipsum dolor sit amet, consectetur adipisicing elit, sed do eiusmod tempor inidunt ut labore et dolore magna aliqua. Ut enim ad minim veniam<\/div><figure><img class=\"lazyload\"    decoding=\"async\" data-src=\"\" alt=\"Laura Rich Aora company\" style=\"-webkit-filter: grayscale(0);filter: grayscale(0);\"><\/figure><h5 class=\"title\">Laura Rich<\/h5><div class=\"position\">Aora company<\/div><\/div><\/div><\/div><\/div><\/div><\/div><\/div><\/div><\/section><\/p>","protected":false},"excerpt":{"rendered":"","protected":false},"author":2,"featured_media":0,"parent":0,"menu_order":0,"comment_status":"closed","ping_status":"closed","template":"","meta":{"nf_dc_page":"","footnotes":""},"class_list":["post-2603","page","type-page","status-publish","hentry"],"jetpack_sharing_enabled":true,"_links":{"self":[{"href":"https:\/\/content-n-graphics.com\/de\/wp-json\/wp\/v2\/pages\/2603","targetHints":{"allow":["GET"]}}],"collection":[{"href":"https:\/\/content-n-graphics.com\/de\/wp-json\/wp\/v2\/pages"}],"about":[{"href":"https:\/\/content-n-graphics.com\/de\/wp-json\/wp\/v2\/types\/page"}],"author":[{"embeddable":true,"href":"https:\/\/content-n-graphics.com\/de\/wp-json\/wp\/v2\/users\/2"}],"replies":[{"embeddable":true,"href":"https:\/\/content-n-graphics.com\/de\/wp-json\/wp\/v2\/comments?post=2603"}],"version-history":[{"count":40,"href":"https:\/\/content-n-graphics.com\/de\/wp-json\/wp\/v2\/pages\/2603\/revisions"}],"predecessor-version":[{"id":8317,"href":"https:\/\/content-n-graphics.com\/de\/wp-json\/wp\/v2\/pages\/2603\/revisions\/8317"}],"wp:attachment":[{"href":"https:\/\/content-n-graphics.com\/de\/wp-json\/wp\/v2\/media?parent=2603"}],"curies":[{"name":"wp","href":"https:\/\/api.w.org\/{rel}","templated":true}]}}